{"id":12,"date":"2024-06-03T08:46:42","date_gmt":"2024-06-03T08:46:42","guid":{"rendered":"https:\/\/neoderma.ro\/?page_id=12"},"modified":"2024-06-03T09:11:21","modified_gmt":"2024-06-03T09:11:21","slug":"elementor-12","status":"publish","type":"page","link":"https:\/\/neoderma.ro\/","title":{"rendered":"Elementor #12"},"content":{"rendered":"\t\t<div data-elementor-type=\"wp-post\" data-elementor-id=\"12\" class=\"elementor elementor-12\">\n\t\t\t\t<div class=\"elementor-element elementor-element-0e9f13e e-flex e-con-boxed e-con e-parent\" data-id=\"0e9f13e\" data-element_type=\"container\">\n\t\t\t\t\t<div class=\"e-con-inner\">\n\t\t\t\t<div class=\"elementor-element elementor-element-2bebd2a elementor-widget elementor-widget-image\" data-id=\"2bebd2a\" data-element_type=\"widget\" data-widget_type=\"image.default\">\n\t\t\t\t<div class=\"elementor-widget-container\">\n\t\t\t<style>\/*! elementor - v3.21.0 - 26-05-2024 *\/\n.elementor-widget-image{text-align:center}.elementor-widget-image a{display:inline-block}.elementor-widget-image a img[src$=\".svg\"]{width:48px}.elementor-widget-image img{vertical-align:middle;display:inline-block}<\/style>\t\t\t\t\t\t\t\t\t\t<img fetchpriority=\"high\" decoding=\"async\" width=\"587\" height=\"165\" src=\"https:\/\/neoderma.ro\/wp-content\/uploads\/2024\/06\/2.png\" class=\"attachment-large size-large wp-image-20\" alt=\"\" srcset=\"https:\/\/neoderma.ro\/wp-content\/uploads\/2024\/06\/2.png 587w, https:\/\/neoderma.ro\/wp-content\/uploads\/2024\/06\/2-300x84.png 300w\" sizes=\"(max-width: 587px) 100vw, 587px\" \/>\t\t\t\t\t\t\t\t\t\t\t\t\t<\/div>\n\t\t\t\t<\/div>\n\t\t\t\t\t<\/div>\n\t\t\t\t<\/div>\n\t\t<div class=\"elementor-element elementor-element-e15e319 e-grid e-con-boxed e-con e-parent\" data-id=\"e15e319\" data-element_type=\"container\">\n\t\t\t\t\t<div class=\"e-con-inner\">\n\t\t\t\t<div class=\"elementor-element elementor-element-3587efa elementor-widget elementor-widget-image\" data-id=\"3587efa\" data-element_type=\"widget\" data-widget_type=\"image.default\">\n\t\t\t\t<div class=\"elementor-widget-container\">\n\t\t\t\t\t\t\t\t\t\t\t\t\t<img decoding=\"async\" width=\"1024\" height=\"682\" src=\"https:\/\/neoderma.ro\/wp-content\/uploads\/2024\/06\/3-1024x682.jpeg\" class=\"attachment-large size-large wp-image-18\" alt=\"\" srcset=\"https:\/\/neoderma.ro\/wp-content\/uploads\/2024\/06\/3-1024x682.jpeg 1024w, https:\/\/neoderma.ro\/wp-content\/uploads\/2024\/06\/3-300x200.jpeg 300w, https:\/\/neoderma.ro\/wp-content\/uploads\/2024\/06\/3-768x512.jpeg 768w, https:\/\/neoderma.ro\/wp-content\/uploads\/2024\/06\/3-1536x1023.jpeg 1536w, https:\/\/neoderma.ro\/wp-content\/uploads\/2024\/06\/3.jpeg 1600w\" sizes=\"(max-width: 1024px) 100vw, 1024px\" \/>\t\t\t\t\t\t\t\t\t\t\t\t\t<\/div>\n\t\t\t\t<\/div>\n\t\t\t\t<div class=\"elementor-element elementor-element-9eefb29 elementor-widget elementor-widget-image\" data-id=\"9eefb29\" data-element_type=\"widget\" data-widget_type=\"image.default\">\n\t\t\t\t<div class=\"elementor-widget-container\">\n\t\t\t\t\t\t\t\t\t\t\t\t\t<img decoding=\"async\" width=\"467\" height=\"386\" src=\"https:\/\/neoderma.ro\/wp-content\/uploads\/2024\/06\/1.jpg\" class=\"attachment-large size-large wp-image-19\" alt=\"\" srcset=\"https:\/\/neoderma.ro\/wp-content\/uploads\/2024\/06\/1.jpg 467w, https:\/\/neoderma.ro\/wp-content\/uploads\/2024\/06\/1-300x248.jpg 300w\" sizes=\"(max-width: 467px) 100vw, 467px\" \/>\t\t\t\t\t\t\t\t\t\t\t\t\t<\/div>\n\t\t\t\t<\/div>\n\t\t\t\t\t<\/div>\n\t\t\t\t<\/div>\n\t\t<div class=\"elementor-element elementor-element-a426595 e-flex e-con-boxed e-con e-parent\" data-id=\"a426595\" data-element_type=\"container\">\n\t\t\t\t\t<div class=\"e-con-inner\">\n\t\t\t\t<div class=\"elementor-element elementor-element-f91cb00 elementor-widget__width-initial elementor-widget elementor-widget-image\" data-id=\"f91cb00\" data-element_type=\"widget\" data-widget_type=\"image.default\">\n\t\t\t\t<div class=\"elementor-widget-container\">\n\t\t\t\t\t\t\t\t\t\t\t\t\t\t<a href=\"https:\/\/osim.ro\/\">\n\t\t\t\t\t\t\t<img loading=\"lazy\" decoding=\"async\" width=\"565\" height=\"339\" src=\"https:\/\/neoderma.ro\/wp-content\/uploads\/2024\/06\/osim.jpg\" class=\"attachment-large size-large wp-image-21\" alt=\"\" srcset=\"https:\/\/neoderma.ro\/wp-content\/uploads\/2024\/06\/osim.jpg 565w, https:\/\/neoderma.ro\/wp-content\/uploads\/2024\/06\/osim-300x180.jpg 300w\" sizes=\"(max-width: 565px) 100vw, 565px\" \/>\t\t\t\t\t\t\t\t<\/a>\n\t\t\t\t\t\t\t\t\t\t\t\t\t<\/div>\n\t\t\t\t<\/div>\n\t\t\t\t\t<\/div>\n\t\t\t\t<\/div>\n\t\t<div class=\"elementor-element elementor-element-1f95818 e-flex e-con-boxed e-con e-parent\" data-id=\"1f95818\" data-element_type=\"container\">\n\t\t\t\t\t<div class=\"e-con-inner\">\n\t\t\t\t<div class=\"elementor-element elementor-element-e1fae7a elementor-widget elementor-widget-heading\" data-id=\"e1fae7a\" data-element_type=\"widget\" data-widget_type=\"heading.default\">\n\t\t\t\t<div class=\"elementor-widget-container\">\n\t\t\t<style>\/*! elementor - v3.21.0 - 26-05-2024 *\/\n.elementor-heading-title{padding:0;margin:0;line-height:1}.elementor-widget-heading .elementor-heading-title[class*=elementor-size-]>a{color:inherit;font-size:inherit;line-height:inherit}.elementor-widget-heading .elementor-heading-title.elementor-size-small{font-size:15px}.elementor-widget-heading .elementor-heading-title.elementor-size-medium{font-size:19px}.elementor-widget-heading .elementor-heading-title.elementor-size-large{font-size:29px}.elementor-widget-heading .elementor-heading-title.elementor-size-xl{font-size:39px}.elementor-widget-heading .elementor-heading-title.elementor-size-xxl{font-size:59px}<\/style><h2 class=\"elementor-heading-title elementor-size-default\">NeoDerma este marc\u0103 \u00eenregistrat\u0103 <\/h2>\t\t<\/div>\n\t\t\t\t<\/div>\n\t\t\t\t<div class=\"elementor-element elementor-element-1953956 elementor-widget elementor-widget-heading\" data-id=\"1953956\" data-element_type=\"widget\" data-widget_type=\"heading.default\">\n\t\t\t\t<div class=\"elementor-widget-container\">\n\t\t\t<h2 class=\"elementor-heading-title elementor-size-default\"><a href=\"https:\/\/api.osim.ro:8443\/tm-registry\/detail\/trademark.htm?idappli=Y58116%20%20%20%20%20%20\">M 2022 05356<\/a><\/h2>\t\t<\/div>\n\t\t\t\t<\/div>\n\t\t\t\t<div class=\"elementor-element elementor-element-50291a2 elementor-widget elementor-widget-heading\" data-id=\"50291a2\" data-element_type=\"widget\" data-widget_type=\"heading.default\">\n\t\t\t\t<div class=\"elementor-widget-container\">\n\t\t\t<h2 class=\"elementor-heading-title elementor-size-default\"><a href=\"https:\/\/api.osim.ro:8443\/tm-registry\/detail\/trademark.htm?idappli=Y76209%20%20%20%20%20%20\">M 2024 01920<\/a><\/h2>\t\t<\/div>\n\t\t\t\t<\/div>\n\t\t\t\t\t<\/div>\n\t\t\t\t<\/div>\n\t\t<div class=\"elementor-element elementor-element-9b94ad2 e-flex e-con-boxed e-con e-parent\" data-id=\"9b94ad2\" data-element_type=\"container\">\n\t\t\t\t\t<div class=\"e-con-inner\">\n\t\t\t\t<div class=\"elementor-element elementor-element-46cad79 elementor-widget elementor-widget-heading\" data-id=\"46cad79\" data-element_type=\"widget\" data-widget_type=\"heading.default\">\n\t\t\t\t<div class=\"elementor-widget-container\">\n\t\t\t<h2 class=\"elementor-heading-title elementor-size-default\">Coming soon!<\/h2>\t\t<\/div>\n\t\t\t\t<\/div>\n\t\t\t\t\t<\/div>\n\t\t\t\t<\/div>\n\t\t\t\t<\/div>\n\t\t","protected":false},"excerpt":{"rendered":"<p>NeoDerma este marc\u0103 \u00eenregistrat\u0103 M 2022 05356 M 2024 01920 Coming soon!<\/p>\n","protected":false},"author":1,"featured_media":0,"parent":0,"menu_order":0,"comment_status":"closed","ping_status":"closed","template":"","meta":{"footnotes":""},"class_list":["post-12","page","type-page","status-publish","hentry"],"_links":{"self":[{"href":"https:\/\/neoderma.ro\/index.php?rest_route=\/wp\/v2\/pages\/12","targetHints":{"allow":["GET"]}}],"collection":[{"href":"https:\/\/neoderma.ro\/index.php?rest_route=\/wp\/v2\/pages"}],"about":[{"href":"https:\/\/neoderma.ro\/index.php?rest_route=\/wp\/v2\/types\/page"}],"author":[{"embeddable":true,"href":"https:\/\/neoderma.ro\/index.php?rest_route=\/wp\/v2\/users\/1"}],"replies":[{"embeddable":true,"href":"https:\/\/neoderma.ro\/index.php?rest_route=%2Fwp%2Fv2%2Fcomments&post=12"}],"version-history":[{"count":13,"href":"https:\/\/neoderma.ro\/index.php?rest_route=\/wp\/v2\/pages\/12\/revisions"}],"predecessor-version":[{"id":30,"href":"https:\/\/neoderma.ro\/index.php?rest_route=\/wp\/v2\/pages\/12\/revisions\/30"}],"wp:attachment":[{"href":"https:\/\/neoderma.ro\/index.php?rest_route=%2Fwp%2Fv2%2Fmedia&parent=12"}],"curies":[{"name":"wp","href":"https:\/\/api.w.org\/{rel}","templated":true}]}}